{"id":5932,"date":"2014-08-26T10:33:25","date_gmt":"2014-08-26T10:33:25","guid":{"rendered":"http:\/\/ddurv.taller.fesomia.net\/mapa-del-web-2\/"},"modified":"2023-06-19T15:50:08","modified_gmt":"2023-06-19T13:50:08","slug":"mapa-del-web","status":"publish","type":"page","link":"https:\/\/ddurv.taller.fesomia.net\/es\/mapa-del-web\/","title":{"rendered":"Mapa del web"},"content":{"rendered":"<ul>\n<li><a href=\"\/es\/\">Portada<\/a> \/ <small><a href=\"\/es\/feed\">RSS global<\/a><\/small><\/li>\n<\/ul>\n<ul>\n<li>Secciones\n<ul class=\" wo_subcats\"><li><a href='https:\/\/ddurv.taller.fesomia.net\/es\/categoria\/ambitos-universitarios\/comunidad-urv\/' >Comunidad URV<\/a> \/ <small><a href='https:\/\/ddurv.taller.fesomia.net\/es\/categoria\/ambitos-universitarios\/comunidad-urv\/feed\/' >RSS<\/a><\/small><\/li><li><a href='https:\/\/ddurv.taller.fesomia.net\/es\/categoria\/ambitos-universitarios\/docencia\/' >Docencia<\/a> \/ <small><a href='https:\/\/ddurv.taller.fesomia.net\/es\/categoria\/ambitos-universitarios\/docencia\/feed\/' >RSS<\/a><\/small><\/li><li><a href='https:\/\/ddurv.taller.fesomia.net\/es\/categoria\/ambitos-universitarios\/vida-en-el-campus\/' >En el campus<\/a> \/ <small><a href='https:\/\/ddurv.taller.fesomia.net\/es\/categoria\/ambitos-universitarios\/vida-en-el-campus\/feed\/' >RSS<\/a><\/small><\/li><li><a href='https:\/\/ddurv.taller.fesomia.net\/es\/categoria\/ambitos-universitarios\/universidad\/institucion\/' >Instituci\u00f3n<\/a> \/ <small><a href='https:\/\/ddurv.taller.fesomia.net\/es\/categoria\/ambitos-universitarios\/universidad\/institucion\/feed\/' >RSS<\/a><\/small><\/li><li><a href='https:\/\/ddurv.taller.fesomia.net\/es\/categoria\/ambitos-universitarios\/investigacion\/' >Investigaci\u00f3n<\/a> \/ <small><a href='https:\/\/ddurv.taller.fesomia.net\/es\/categoria\/ambitos-universitarios\/investigacion\/feed\/' >RSS<\/a><\/small><\/li><\/ul><\/li>\n<\/ul>\n<ul>\n<li>Categor\u00edas\n<ul class=\" wo_subcats\"><li><a href='https:\/\/ddurv.taller.fesomia.net\/es\/categoria\/general-es\/ciencia-y-tecnologia\/' >Ciencia y tecnolog\u00eda<\/a> \/ <small><a href='https:\/\/ddurv.taller.fesomia.net\/es\/categoria\/general-es\/ciencia-y-tecnologia\/feed\/' >RSS<\/a><\/small><\/li><li><a href='https:\/\/ddurv.taller.fesomia.net\/es\/categoria\/general-es\/economia-y-empresa\/' >Economia y empresa<\/a> \/ <small><a href='https:\/\/ddurv.taller.fesomia.net\/es\/categoria\/general-es\/economia-y-empresa\/feed\/' >RSS<\/a><\/small><\/li><li><a href='https:\/\/ddurv.taller.fesomia.net\/es\/categoria\/general-es\/salud\/' >Salud<\/a> \/ <small><a href='https:\/\/ddurv.taller.fesomia.net\/es\/categoria\/general-es\/salud\/feed\/' >RSS<\/a><\/small><\/li><li><a href='https:\/\/ddurv.taller.fesomia.net\/es\/categoria\/general-es\/sociedad-y-cultura\/' >Sociedad y cultura<\/a> \/ <small><a href='https:\/\/ddurv.taller.fesomia.net\/es\/categoria\/general-es\/sociedad-y-cultura\/feed\/' >RSS<\/a><\/small><\/li><\/ul><\/li>\n<\/ul>\n<ul>\n<li><a href=\"\/es\/ambitos-universitarios\/\">\u00c0mbitos Universitarios<\/a>\n<ul class=\" wo_subcats\"><li><a href='https:\/\/ddurv.taller.fesomia.net\/es\/categoria\/ambitos-universitarios\/' >\u00c1mbitos universitarios<\/a> \/ <small><a href='https:\/\/ddurv.taller.fesomia.net\/es\/categoria\/ambitos-universitarios\/feed\/' >RSS<\/a><\/small><ul class=\" wo_subcats\"><li><a href='https:\/\/ddurv.taller.fesomia.net\/es\/categoria\/ambitos-universitarios\/centros\/' >Centros<\/a> \/ <small><a href='https:\/\/ddurv.taller.fesomia.net\/es\/categoria\/ambitos-universitarios\/centros\/feed\/' >RSS<\/a><\/small><ul class=\" wo_subcats\"><li><a href='https:\/\/ddurv.taller.fesomia.net\/es\/categoria\/ambitos-universitarios\/centros\/centro-de-estudios-hispanicos\/' >Centro de Estudios Hisp\u00e1nicos<\/a> \/ <small><a href='https:\/\/ddurv.taller.fesomia.net\/es\/categoria\/ambitos-universitarios\/centros\/centro-de-estudios-hispanicos\/feed\/' >RSS<\/a><\/small><\/li><li><a href='https:\/\/ddurv.taller.fesomia.net\/es\/categoria\/ambitos-universitarios\/centros\/centre-de-formacio-permanent-es\/' >Centro de formaci\u00f3n permanente<\/a> \/ <small><a href='https:\/\/ddurv.taller.fesomia.net\/es\/categoria\/ambitos-universitarios\/centros\/centre-de-formacio-permanent-es\/feed\/' >RSS<\/a><\/small><\/li><li><a href='https:\/\/ddurv.taller.fesomia.net\/es\/categoria\/ambitos-universitarios\/centros\/escuela-de-postgrado-y-doctorado\/' >Escuela de Postgrado y Doctorado<\/a> \/ <small><a href='https:\/\/ddurv.taller.fesomia.net\/es\/categoria\/ambitos-universitarios\/centros\/escuela-de-postgrado-y-doctorado\/feed\/' >RSS<\/a><\/small><\/li><li><a href='https:\/\/ddurv.taller.fesomia.net\/es\/categoria\/ambitos-universitarios\/centros\/escuela-arquitectura\/' >Escuela T\u00e9cnica Superior de Arquitectura<\/a> \/ <small><a href='https:\/\/ddurv.taller.fesomia.net\/es\/categoria\/ambitos-universitarios\/centros\/escuela-arquitectura\/feed\/' >RSS<\/a><\/small><\/li><li><a href='https:\/\/ddurv.taller.fesomia.net\/es\/categoria\/ambitos-universitarios\/centros\/escuela-tecnica-superior-de-ingenieria\/' >Escuela T\u00e9cnica Superior de Ingenier\u00eda<\/a> \/ <small><a href='https:\/\/ddurv.taller.fesomia.net\/es\/categoria\/ambitos-universitarios\/centros\/escuela-tecnica-superior-de-ingenieria\/feed\/' >RSS<\/a><\/small><\/li><li><a href='https:\/\/ddurv.taller.fesomia.net\/es\/categoria\/ambitos-universitarios\/centros\/escuela-tecnica-superior-de-ingenieria-quimica\/' >Escuela T\u00e9cnica Superior de Ingenier\u00eda Qu\u00edmica<\/a> \/ <small><a href='https:\/\/ddurv.taller.fesomia.net\/es\/categoria\/ambitos-universitarios\/centros\/escuela-tecnica-superior-de-ingenieria-quimica\/feed\/' >RSS<\/a><\/small><\/li><li><a href='https:\/\/ddurv.taller.fesomia.net\/es\/categoria\/ambitos-universitarios\/centros\/facultad-ciencias-educacion-psicologia\/' >Facultad de Ciencias de la Educaci\u00f3n y Psicolog\u00eda<\/a> \/ <small><a href='https:\/\/ddurv.taller.fesomia.net\/es\/categoria\/ambitos-universitarios\/centros\/facultad-ciencias-educacion-psicologia\/feed\/' >RSS<\/a><\/small><\/li><li><a href='https:\/\/ddurv.taller.fesomia.net\/es\/categoria\/ambitos-universitarios\/centros\/facultad-ciencias-juridicas\/' >Facultad de Ciencias Jur\u00eddicas<\/a> \/ <small><a href='https:\/\/ddurv.taller.fesomia.net\/es\/categoria\/ambitos-universitarios\/centros\/facultad-ciencias-juridicas\/feed\/' >RSS<\/a><\/small><\/li><li><a href='https:\/\/ddurv.taller.fesomia.net\/es\/categoria\/ambitos-universitarios\/centros\/facultat-deconomia-i-empresa-es\/' >Facultad de Econom\u00eda y Empresa<\/a> \/ <small><a href='https:\/\/ddurv.taller.fesomia.net\/es\/categoria\/ambitos-universitarios\/centros\/facultat-deconomia-i-empresa-es\/feed\/' >RSS<\/a><\/small><\/li><li><a href='https:\/\/ddurv.taller.fesomia.net\/es\/categoria\/ambitos-universitarios\/centros\/facultad-de-enfermeria\/' >Facultad de Enfermer\u00eda<\/a> \/ <small><a href='https:\/\/ddurv.taller.fesomia.net\/es\/categoria\/ambitos-universitarios\/centros\/facultad-de-enfermeria\/feed\/' >RSS<\/a><\/small><\/li><li><a href='https:\/\/ddurv.taller.fesomia.net\/es\/categoria\/ambitos-universitarios\/centros\/facultat-de-enologia\/' >Facultad de Enologia<\/a> \/ <small><a href='https:\/\/ddurv.taller.fesomia.net\/es\/categoria\/ambitos-universitarios\/centros\/facultat-de-enologia\/feed\/' >RSS<\/a><\/small><\/li><li><a href='https:\/\/ddurv.taller.fesomia.net\/es\/categoria\/ambitos-universitarios\/centros\/facultad-de-letras\/' >Facultad de Letras<\/a> \/ <small><a href='https:\/\/ddurv.taller.fesomia.net\/es\/categoria\/ambitos-universitarios\/centros\/facultad-de-letras\/feed\/' >RSS<\/a><\/small><\/li><li><a href='https:\/\/ddurv.taller.fesomia.net\/es\/categoria\/ambitos-universitarios\/centros\/facultat-medicina-ciencias-salud\/' >Facultad de Medicina y Ciencias de la Salud<\/a> \/ <small><a href='https:\/\/ddurv.taller.fesomia.net\/es\/categoria\/ambitos-universitarios\/centros\/facultat-medicina-ciencias-salud\/feed\/' >RSS<\/a><\/small><\/li><li><a href='https:\/\/ddurv.taller.fesomia.net\/es\/categoria\/ambitos-universitarios\/centros\/facultad-de-quimica\/' >Facultad de Qu\u00edmica<\/a> \/ <small><a href='https:\/\/ddurv.taller.fesomia.net\/es\/categoria\/ambitos-universitarios\/centros\/facultad-de-quimica\/feed\/' >RSS<\/a><\/small><\/li><li><a href='https:\/\/ddurv.taller.fesomia.net\/es\/categoria\/ambitos-universitarios\/centros\/facultad-turismo-geografia\/' >Facultad de Turismo y Geograf\u00eda<\/a> \/ <small><a href='https:\/\/ddurv.taller.fesomia.net\/es\/categoria\/ambitos-universitarios\/centros\/facultad-turismo-geografia\/feed\/' >RSS<\/a><\/small><\/li><\/ul><\/li><li><a href='https:\/\/ddurv.taller.fesomia.net\/es\/categoria\/ambitos-universitarios\/comunidad-urv\/' >Comunidad URV<\/a> \/ <small><a href='https:\/\/ddurv.taller.fesomia.net\/es\/categoria\/ambitos-universitarios\/comunidad-urv\/feed\/' >RSS<\/a><\/small><ul class=\" wo_subcats\"><li><a href='https:\/\/ddurv.taller.fesomia.net\/es\/categoria\/ambitos-universitarios\/comunidad-urv\/alumni-es\/' >Alumni @es<\/a> \/ <small><a href='https:\/\/ddurv.taller.fesomia.net\/es\/categoria\/ambitos-universitarios\/comunidad-urv\/alumni-es\/feed\/' >RSS<\/a><\/small><\/li><li><a href='https:\/\/ddurv.taller.fesomia.net\/es\/categoria\/ambitos-universitarios\/comunidad-urv\/estudiantes\/' >Estudiantes<\/a> \/ <small><a href='https:\/\/ddurv.taller.fesomia.net\/es\/categoria\/ambitos-universitarios\/comunidad-urv\/estudiantes\/feed\/' >RSS<\/a><\/small><\/li><li><a href='https:\/\/ddurv.taller.fesomia.net\/es\/categoria\/ambitos-universitarios\/comunidad-urv\/pas-es\/' >PAS @es<\/a> \/ <small><a href='https:\/\/ddurv.taller.fesomia.net\/es\/categoria\/ambitos-universitarios\/comunidad-urv\/pas-es\/feed\/' >RSS<\/a><\/small><\/li><li><a href='https:\/\/ddurv.taller.fesomia.net\/es\/categoria\/ambitos-universitarios\/comunidad-urv\/pdi-es\/' >PDI @es<\/a> \/ <small><a href='https:\/\/ddurv.taller.fesomia.net\/es\/categoria\/ambitos-universitarios\/comunidad-urv\/pdi-es\/feed\/' >RSS<\/a><\/small><\/li><\/ul><\/li><li><a href='https:\/\/ddurv.taller.fesomia.net\/es\/categoria\/ambitos-universitarios\/crai\/' >CRAI (Biblioteca) @es<\/a> \/ <small><a href='https:\/\/ddurv.taller.fesomia.net\/es\/categoria\/ambitos-universitarios\/crai\/feed\/' >RSS<\/a><\/small><\/li><li><a href='https:\/\/ddurv.taller.fesomia.net\/es\/categoria\/ambitos-universitarios\/docencia\/' >Docencia<\/a> \/ <small><a href='https:\/\/ddurv.taller.fesomia.net\/es\/categoria\/ambitos-universitarios\/docencia\/feed\/' >RSS<\/a><\/small><\/li><li><a href='https:\/\/ddurv.taller.fesomia.net\/es\/categoria\/ambitos-universitarios\/vida-en-el-campus\/' >En el campus<\/a> \/ <small><a href='https:\/\/ddurv.taller.fesomia.net\/es\/categoria\/ambitos-universitarios\/vida-en-el-campus\/feed\/' >RSS<\/a><\/small><ul class=\" wo_subcats\"><li><a href='https:\/\/ddurv.taller.fesomia.net\/es\/categoria\/ambitos-universitarios\/vida-en-el-campus\/campus-es\/' >Campus @es<\/a> \/ <small><a href='https:\/\/ddurv.taller.fesomia.net\/es\/categoria\/ambitos-universitarios\/vida-en-el-campus\/campus-es\/feed\/' >RSS<\/a><\/small><\/li><li><a href='https:\/\/ddurv.taller.fesomia.net\/es\/categoria\/ambitos-universitarios\/vida-en-el-campus\/cooperacion\/' >Cooperaci\u00f3n<\/a> \/ <small><a href='https:\/\/ddurv.taller.fesomia.net\/es\/categoria\/ambitos-universitarios\/vida-en-el-campus\/cooperacion\/feed\/' >RSS<\/a><\/small><\/li><li><a href='https:\/\/ddurv.taller.fesomia.net\/es\/categoria\/ambitos-universitarios\/vida-en-el-campus\/cultura-es\/' >Cultura @es<\/a> \/ <small><a href='https:\/\/ddurv.taller.fesomia.net\/es\/categoria\/ambitos-universitarios\/vida-en-el-campus\/cultura-es\/feed\/' >RSS<\/a><\/small><\/li><li><a href='https:\/\/ddurv.taller.fesomia.net\/es\/categoria\/ambitos-universitarios\/vida-en-el-campus\/deportes\/' >Deportes<\/a> \/ <small><a href='https:\/\/ddurv.taller.fesomia.net\/es\/categoria\/ambitos-universitarios\/vida-en-el-campus\/deportes\/feed\/' >RSS<\/a><\/small><\/li><\/ul><\/li><li><a href='https:\/\/ddurv.taller.fesomia.net\/es\/categoria\/ambitos-universitarios\/investigacion\/' >Investigaci\u00f3n<\/a> \/ <small><a href='https:\/\/ddurv.taller.fesomia.net\/es\/categoria\/ambitos-universitarios\/investigacion\/feed\/' >RSS<\/a><\/small><ul class=\" wo_subcats\"><li><a href='https:\/\/ddurv.taller.fesomia.net\/es\/categoria\/ambitos-universitarios\/investigacion\/centros-de-investigacion-urv\/' >Centros de investigaci\u00f3n URV<\/a> \/ <small><a href='https:\/\/ddurv.taller.fesomia.net\/es\/categoria\/ambitos-universitarios\/investigacion\/centros-de-investigacion-urv\/feed\/' >RSS<\/a><\/small><\/li><li><a href='https:\/\/ddurv.taller.fesomia.net\/es\/categoria\/ambitos-universitarios\/investigacion\/comciencia-es\/' >ComCi\u00e8ncia @es<\/a> \/ <small><a href='https:\/\/ddurv.taller.fesomia.net\/es\/categoria\/ambitos-universitarios\/investigacion\/comciencia-es\/feed\/' >RSS<\/a><\/small><\/li><\/ul><\/li><li><a href='https:\/\/ddurv.taller.fesomia.net\/es\/categoria\/ambitos-universitarios\/lenguas\/' >Lenguas<\/a> \/ <small><a href='https:\/\/ddurv.taller.fesomia.net\/es\/categoria\/ambitos-universitarios\/lenguas\/feed\/' >RSS<\/a><\/small><\/li><li><a href='https:\/\/ddurv.taller.fesomia.net\/es\/categoria\/ambitos-universitarios\/publicaciones-urv\/' >Publicaciones URV<\/a> \/ <small><a href='https:\/\/ddurv.taller.fesomia.net\/es\/categoria\/ambitos-universitarios\/publicaciones-urv\/feed\/' >RSS<\/a><\/small><\/li><li><a href='https:\/\/ddurv.taller.fesomia.net\/es\/categoria\/ambitos-universitarios\/universidad\/' >Universidad<\/a> \/ <small><a href='https:\/\/ddurv.taller.fesomia.net\/es\/categoria\/ambitos-universitarios\/universidad\/feed\/' >RSS<\/a><\/small><ul class=\" wo_subcats\"><li><a href='https:\/\/ddurv.taller.fesomia.net\/es\/categoria\/ambitos-universitarios\/universidad\/calidad-urv\/' >Calidad URV<\/a> \/ <small><a href='https:\/\/ddurv.taller.fesomia.net\/es\/categoria\/ambitos-universitarios\/universidad\/calidad-urv\/feed\/' >RSS<\/a><\/small><\/li><li><a href='https:\/\/ddurv.taller.fesomia.net\/es\/categoria\/ambitos-universitarios\/universidad\/consejo-social\/' >Consejo social<\/a> \/ <small><a href='https:\/\/ddurv.taller.fesomia.net\/es\/categoria\/ambitos-universitarios\/universidad\/consejo-social\/feed\/' >RSS<\/a><\/small><\/li><li><a href='https:\/\/ddurv.taller.fesomia.net\/es\/categoria\/ambitos-universitarios\/universidad\/institucion\/' >Instituci\u00f3n<\/a> \/ <small><a href='https:\/\/ddurv.taller.fesomia.net\/es\/categoria\/ambitos-universitarios\/universidad\/institucion\/feed\/' >RSS<\/a><\/small><\/li><li><a href='https:\/\/ddurv.taller.fesomia.net\/es\/categoria\/ambitos-universitarios\/universidad\/medio-ambiente-urv\/' >Medio ambiente URV<\/a> \/ <small><a href='https:\/\/ddurv.taller.fesomia.net\/es\/categoria\/ambitos-universitarios\/universidad\/medio-ambiente-urv\/feed\/' >RSS<\/a><\/small><\/li><li><a href='https:\/\/ddurv.taller.fesomia.net\/es\/categoria\/ambitos-universitarios\/universidad\/urv-internacional-es\/' >URV Internacional @es<\/a> \/ <small><a href='https:\/\/ddurv.taller.fesomia.net\/es\/categoria\/ambitos-universitarios\/universidad\/urv-internacional-es\/feed\/' >RSS<\/a><\/small><\/li><\/ul><\/li><li><a href='https:\/\/ddurv.taller.fesomia.net\/es\/categoria\/ambitos-universitarios\/urv-empresa-es\/' >URV Empresa @es<\/a> \/ <small><a href='https:\/\/ddurv.taller.fesomia.net\/es\/categoria\/ambitos-universitarios\/urv-empresa-es\/feed\/' >RSS<\/a><\/small><ul class=\" wo_subcats\"><li><a href='https:\/\/ddurv.taller.fesomia.net\/es\/categoria\/ambitos-universitarios\/urv-empresa-es\/catedras-urv\/' >C\u00e1tedras URV<\/a> \/ <small><a href='https:\/\/ddurv.taller.fesomia.net\/es\/categoria\/ambitos-universitarios\/urv-empresa-es\/catedras-urv\/feed\/' >RSS<\/a><\/small><\/li><li><a href='https:\/\/ddurv.taller.fesomia.net\/es\/categoria\/ambitos-universitarios\/urv-empresa-es\/ctti-es\/' >CTTi @es<\/a> \/ <small><a href='https:\/\/ddurv.taller.fesomia.net\/es\/categoria\/ambitos-universitarios\/urv-empresa-es\/ctti-es\/feed\/' >RSS<\/a><\/small><\/li><li><a href='https:\/\/ddurv.taller.fesomia.net\/es\/categoria\/ambitos-universitarios\/urv-empresa-es\/emprendedoria\/' >Emprendedoria<\/a> \/ <small><a href='https:\/\/ddurv.taller.fesomia.net\/es\/categoria\/ambitos-universitarios\/urv-empresa-es\/emprendedoria\/feed\/' >RSS<\/a><\/small><\/li><\/ul><\/li><li><a href='https:\/\/ddurv.taller.fesomia.net\/es\/categoria\/ambitos-universitarios\/urv-sociedad\/' >URV Sociedad<\/a> \/ <small><a href='https:\/\/ddurv.taller.fesomia.net\/es\/categoria\/ambitos-universitarios\/urv-sociedad\/feed\/' >RSS<\/a><\/small><ul class=\" wo_subcats\"><li><a href='https:\/\/ddurv.taller.fesomia.net\/es\/categoria\/ambitos-universitarios\/urv-sociedad\/antenas-del-conocimiento\/' >Antenas del conocimiento<\/a> \/ <small><a href='https:\/\/ddurv.taller.fesomia.net\/es\/categoria\/ambitos-universitarios\/urv-sociedad\/antenas-del-conocimiento\/feed\/' >RSS<\/a><\/small><\/li><li><a href='https:\/\/ddurv.taller.fesomia.net\/es\/categoria\/ambitos-universitarios\/urv-sociedad\/aulas-de-la-gente-mayor\/' >Aulas de la Gente Mayor<\/a> \/ <small><a href='https:\/\/ddurv.taller.fesomia.net\/es\/categoria\/ambitos-universitarios\/urv-sociedad\/aulas-de-la-gente-mayor\/feed\/' >RSS<\/a><\/small><\/li><li><a href='https:\/\/ddurv.taller.fesomia.net\/es\/categoria\/ambitos-universitarios\/urv-sociedad\/urv-secundaria-es\/' >URV-Secundaria @es<\/a> \/ <small><a href='https:\/\/ddurv.taller.fesomia.net\/es\/categoria\/ambitos-universitarios\/urv-sociedad\/urv-secundaria-es\/feed\/' >RSS<\/a><\/small><\/li><\/ul><\/li><\/ul><\/li><li><a href='https:\/\/ddurv.taller.fesomia.net\/es\/categoria\/general-es\/' >General @es<\/a> \/ <small><a href='https:\/\/ddurv.taller.fesomia.net\/es\/categoria\/general-es\/feed\/' >RSS<\/a><\/small><ul class=\" wo_subcats\"><li><a href='https:\/\/ddurv.taller.fesomia.net\/es\/categoria\/general-es\/ciencia-y-tecnologia\/' >Ciencia y tecnolog\u00eda<\/a> \/ <small><a href='https:\/\/ddurv.taller.fesomia.net\/es\/categoria\/general-es\/ciencia-y-tecnologia\/feed\/' >RSS<\/a><\/small><\/li><li><a href='https:\/\/ddurv.taller.fesomia.net\/es\/categoria\/general-es\/economia-y-empresa\/' >Economia y empresa<\/a> \/ <small><a href='https:\/\/ddurv.taller.fesomia.net\/es\/categoria\/general-es\/economia-y-empresa\/feed\/' >RSS<\/a><\/small><\/li><li><a href='https:\/\/ddurv.taller.fesomia.net\/es\/categoria\/general-es\/salud\/' >Salud<\/a> \/ <small><a href='https:\/\/ddurv.taller.fesomia.net\/es\/categoria\/general-es\/salud\/feed\/' >RSS<\/a><\/small><\/li><li><a href='https:\/\/ddurv.taller.fesomia.net\/es\/categoria\/general-es\/sociedad-y-cultura\/' >Sociedad y cultura<\/a> \/ <small><a href='https:\/\/ddurv.taller.fesomia.net\/es\/categoria\/general-es\/sociedad-y-cultura\/feed\/' >RSS<\/a><\/small><\/li><\/ul><\/li><li><a href='https:\/\/ddurv.taller.fesomia.net\/es\/categoria\/portada-es\/' >Portada @es<\/a> \/ <small><a href='https:\/\/ddurv.taller.fesomia.net\/es\/categoria\/portada-es\/feed\/' >RSS<\/a><\/small><ul class=\" wo_subcats\"><li><a href='https:\/\/ddurv.taller.fesomia.net\/es\/categoria\/portada-es\/banner-es\/' >Banner @es<\/a> \/ <small><a href='https:\/\/ddurv.taller.fesomia.net\/es\/categoria\/portada-es\/banner-es\/feed\/' >RSS<\/a><\/small><\/li><\/ul><\/li><\/ul><\/li>\n<\/ul>\n<ul>\n<li><a title=\"En preparaci\u00f3n\">Sala de prensa<\/a> \/ <small><a title=\"En preparaci\u00f3n\">RSS<\/a><\/small><\/li>\n<\/ul>\n<ul>\n<li><a href=\"\/es\/busqueda-avanzada\/\">B\u00fasqueda avanzada<\/a><small><\/small><\/li>\n<\/ul>\n<ul>\n<li><a href=\"\/es\/sugerencias\/\">Ay\u00fadenos a mejorar<\/a><\/li>\n<\/ul>\n<ul>\n<li><a href=\"\/es\/privacidaa\/\">Privacidad<\/a><\/li>\n<\/ul>\n<ul>\n<li><a href=\"\/es\/nota-legal-2\/\">Nota legal<\/a><\/li>\n<\/ul>\n<ul>\n<li><a href=\"\/es\/politica-de-cookies-2\/\">Pol\u00edtica de cookies<\/a><\/li>\n<\/ul>\n","protected":false},"excerpt":{"rendered":"<p>Portada \/ RSS global<\/p>\n<p>Secciones<br \/>\nComunidad URV \/ RSSDocencia \/ RSSEn el campus \/ RSSInstituci\u00f3n \/ RSSInvestigaci\u00f3n \/ RSS<\/p>\n<p>Categor\u00edas<br \/>\nCiencia y tecnolog\u00eda \/ RSSEconomia y empresa \/ RSSSalud \/ RSSSociedad y cultura \/ RSS<\/p>\n<p>\u00c0mbitos Universitarios<br \/>\n\u00c1mbitos universitarios \/ RSSCentros \/ RSSCentro de Estudios Hisp\u00e1nicos \/ RSSCentro de formaci\u00f3n permanente \/ RSSEscuela de Postgrado y Doctorado \/ RSSEscuela T\u00e9cnica Superior de Arquitectura \/ RSSEscuela T\u00e9cnica Superior de Ingenier\u00eda \/ RSSEscuela T\u00e9cnica Superior de Ingenier\u00eda Qu\u00edmica \/ RSSFacultad de Ciencias de la Educaci\u00f3n y Psicolog\u00eda \/<\/p>\n","protected":false},"author":15,"featured_media":0,"parent":0,"menu_order":12,"comment_status":"open","ping_status":"open","template":"templates\/pagina-completa.php","meta":{"_acf_changed":false,"footnotes":""},"categories":[],"class_list":["post-5932","page","type-page","status-publish","hentry"],"acf":[],"_links":{"self":[{"href":"https:\/\/ddurv.taller.fesomia.net\/es\/wp-json\/wp\/v2\/pages\/5932","targetHints":{"allow":["GET"]}}],"collection":[{"href":"https:\/\/ddurv.taller.fesomia.net\/es\/wp-json\/wp\/v2\/pages"}],"about":[{"href":"https:\/\/ddurv.taller.fesomia.net\/es\/wp-json\/wp\/v2\/types\/page"}],"author":[{"embeddable":true,"href":"https:\/\/ddurv.taller.fesomia.net\/es\/wp-json\/wp\/v2\/users\/15"}],"replies":[{"embeddable":true,"href":"https:\/\/ddurv.taller.fesomia.net\/es\/wp-json\/wp\/v2\/comments?post=5932"}],"version-history":[{"count":0,"href":"https:\/\/ddurv.taller.fesomia.net\/es\/wp-json\/wp\/v2\/pages\/5932\/revisions"}],"wp:attachment":[{"href":"https:\/\/ddurv.taller.fesomia.net\/es\/wp-json\/wp\/v2\/media?parent=5932"}],"wp:term":[{"taxonomy":"category","embeddable":true,"href":"https:\/\/ddurv.taller.fesomia.net\/es\/wp-json\/wp\/v2\/categories?post=5932"}],"curies":[{"name":"wp","href":"https:\/\/api.w.org\/{rel}","templated":true}]}}