{"id":13899,"date":"2016-08-31T10:53:26","date_gmt":"2016-08-31T08:53:26","guid":{"rendered":"http:\/\/ddurv.taller.fesomia.net\/?page_id=13899"},"modified":"2016-08-31T13:36:25","modified_gmt":"2016-08-31T11:36:25","slug":"guia-expertos","status":"publish","type":"page","link":"https:\/\/ddurv.taller.fesomia.net\/es\/guia-expertos\/","title":{"rendered":"Gu\u00eda de expertos"},"content":{"rendered":"<p>La Gu\u00eda de expertos es un servicio que la URV pone a disposici\u00f3n de los medios de comunicaci\u00f3n y del p\u00fablico en general. La capacidad de la Universidad para generar conocimiento y dar respuesta a las necesidades de la sociedad descansa en las capacidades de su profesorado. Esta gu\u00eda contiene las definiciones que hace el personal docente e investigador de las l\u00edneas de investigaci\u00f3n en las que trabaja y de los \u00e1mbitos de conocimiento que mejor domina. Adem\u00e1s, en su p\u00e1gina inicial, la Gu\u00eda presenta una lista de expertos en temas de actualidad.<\/p>\n<p><iframe loading=\"lazy\" src=\"https:\/\/www.urv.cat\/guiaexperts\/Inici?pidi=CAS\" width=\"300\" height=\"150\" seamless=\"\"><\/iframe><\/p>\n","protected":false},"excerpt":{"rendered":"<p>La Gu\u00eda de expertos es un servicio que la URV pone a disposici\u00f3n de los medios de comunicaci\u00f3n y del p\u00fablico en general. La capacidad de la Universidad para generar conocimiento y dar respuesta a las necesidades de la sociedad descansa en las capacidades de su profesorado. Esta gu\u00eda contiene las definiciones que hace el personal docente e investigador de las l\u00edneas de investigaci\u00f3n en las que trabaja y de los \u00e1mbitos de conocimiento que mejor domina. Adem\u00e1s, en su<\/p>\n","protected":false},"author":2,"featured_media":0,"parent":0,"menu_order":0,"comment_status":"closed","ping_status":"closed","template":"templates\/pagina-experts.php","meta":{"_acf_changed":false,"footnotes":""},"categories":[],"class_list":["post-13899","page","type-page","status-publish","hentry"],"acf":[],"_links":{"self":[{"href":"https:\/\/ddurv.taller.fesomia.net\/es\/wp-json\/wp\/v2\/pages\/13899","targetHints":{"allow":["GET"]}}],"collection":[{"href":"https:\/\/ddurv.taller.fesomia.net\/es\/wp-json\/wp\/v2\/pages"}],"about":[{"href":"https:\/\/ddurv.taller.fesomia.net\/es\/wp-json\/wp\/v2\/types\/page"}],"author":[{"embeddable":true,"href":"https:\/\/ddurv.taller.fesomia.net\/es\/wp-json\/wp\/v2\/users\/2"}],"replies":[{"embeddable":true,"href":"https:\/\/ddurv.taller.fesomia.net\/es\/wp-json\/wp\/v2\/comments?post=13899"}],"version-history":[{"count":0,"href":"https:\/\/ddurv.taller.fesomia.net\/es\/wp-json\/wp\/v2\/pages\/13899\/revisions"}],"wp:attachment":[{"href":"https:\/\/ddurv.taller.fesomia.net\/es\/wp-json\/wp\/v2\/media?parent=13899"}],"wp:term":[{"taxonomy":"category","embeddable":true,"href":"https:\/\/ddurv.taller.fesomia.net\/es\/wp-json\/wp\/v2\/categories?post=13899"}],"curies":[{"name":"wp","href":"https:\/\/api.w.org\/{rel}","templated":true}]}}