{"id":29630,"date":"2016-12-15T10:37:48","date_gmt":"2016-12-15T09:37:48","guid":{"rendered":"http:\/\/ddurv.taller.fesomia.net\/subscriu-te-als-butlletins-de-la-urv\/"},"modified":"2023-02-08T11:19:57","modified_gmt":"2023-02-08T10:19:57","slug":"subscriu-te-als-butlletins-de-la-urv","status":"publish","type":"page","link":"https:\/\/ddurv.taller.fesomia.net\/en\/subscriu-te-als-butlletins-de-la-urv\/","title":{"rendered":"Subscribe to the URV newsletters"},"content":{"rendered":"<p><!-- Begin MailChimp Signup Form --><\/p>\n<style type=\"text\/css\">\n\t#mc_embed_signup{background:#fff; clear:left; font:14px Helvetica,Arial,sans-serif; }\t\/* Add your own MailChimp form style overrides in your site stylesheet or in this style block.\t   We recommend moving this block and the preceding CSS link to the HEAD of your HTML file. *\/<\/style>\n<div id=\"mc_embed_signup\">\n<form id=\"mc-embedded-subscribe-form\" class=\"validate\" action=\"\/\/urv.us10.list-manage.com\/subscribe\/post?u=4fd18a56077197c9ccdc98fe9&amp;id=099aa926d6\" method=\"post\" name=\"mc-embedded-subscribe-form\" novalidate=\"\" target=\"_blank\">\n<div id=\"mc_embed_signup_scroll\">\n<h2>URV activ@, el butllet\u00ed del Diari Digital<\/h2>\n<p>Les \u00faltimes not\u00edcies de la Universitat, cada divendres a la teva b\u00fastia (<a title=\"Arxiu de butlletins\" href=\"http:\/\/us10.campaign-archive2.com\/home\/?u=4fd18a56077197c9ccdc98fe9&amp;id=099aa926d6\" target=\"_blank\" rel=\"noopener noreferrer\">consulta l&#8217;arxiu de butlletins<\/a>)<\/p>\n<div class=\"indicates-required\"><span class=\"asterisk\">*<\/span> camps necessaris<\/div>\n<div class=\"mc-field-group\"><label for=\"mce-EMAIL\">Adre\u00e7a electr\u00f2nica <span class=\"asterisk\">*<\/span>\n<\/label><\/p>\n<div class=\"fx-relay-email-input-wrapper\">\n<div class=\"fx-relay-email-input-wrapper\"><input id=\"mce-EMAIL\" class=\"required email\" style=\"padding-right: 30px; width: 173px;\" name=\"EMAIL\" type=\"email\" value=\"\" \/><\/p>\n<div class=\"fx-relay-icon\" style=\"top: 0px; bottom: 0px; right: 2px;\"><\/div>\n<\/div>\n<div class=\"fx-relay-icon\" style=\"top: 0px; bottom: 0px; right: 2px;\"><\/div>\n<\/div>\n<\/div>\n<div class=\"mc-field-group\"><label for=\"mce-FNAME\">Nom <\/label>\n<input id=\"mce-FNAME\" class=\"\" name=\"FNAME\" type=\"text\" value=\"\" \/><\/div>\n<div class=\"mc-field-group\"><label for=\"mce-LNAME\">Cognoms <\/label>\n<input id=\"mce-LNAME\" class=\"\" name=\"LNAME\" type=\"text\" value=\"\" \/><\/div>\n<div id=\"mce-responses\" class=\"clear\"><\/div>\n<p><!-- real people should not fill this in and expect good things - do not remove this or risk form bot signups--><\/p>\n<div style=\"position: absolute; left: -5000px;\"><input tabindex=\"-1\" name=\"b_4fd18a56077197c9ccdc98fe9_099aa926d6\" type=\"text\" value=\"\" \/><\/div>\n<div class=\"clear\"><input id=\"mc-embedded-subscribe\" class=\"button\" name=\"subscribe\" type=\"submit\" value=\"Subscriu-te\" \/><\/div>\n<\/div>\n<\/form>\n<\/div>\n<p><script type='text\/javascript' src='\/\/s3.amazonaws.com\/downloads.mailchimp.com\/js\/mc-validate.js'><\/script><script type='text\/javascript'>(function($) {window.fnames = new Array(); window.ftypes = new Array();fnames[0]='EMAIL';ftypes[0]='email';fnames[1]='FNAME';ftypes[1]='text';fnames[2]='LNAME';ftypes[2]='text'; \/*\n * Translated default messages for the jQuery validation plugin.\n * Locale: CA\n *\/\n$.extend($.validator.messages, {\n  required: \"Aquest camp \u00e9s obligatori.\",\n  remote: \"Si us plau, omple aquest camp.\",\n  email: \"Si us plau, escriu una adre\u00e7a de correu-e v\u00e0lida\",\n  url: \"Si us plau, escriu una URL v\u00e0lida.\",\n  date: \"Si us plau, escriu una data v\u00e0lida.\",\n  dateISO: \"Si us plau, escriu una data (ISO) v\u00e0lida.\",\n  number: \"Si us plau, escriu un n\u00famero enter v\u00e0lid.\",\n  digits: \"Si us plau, escriu nom\u00e9s d\u00edgits.\",\n  creditcard: \"Si us plau, escriu un n\u00famero de tarjeta v\u00e0lid.\",\n  equalTo: \"Si us plau, escriu el maateix valor de nou.\",\n  accept: \"Si us plau, escriu un valor amb una extensi\u00f3 acceptada.\",\n  maxlength: $.validator.format(\"Si us plau, no escriguis m\u00e9s de {0} caracters.\"),\n  minlength: $.validator.format(\"Si us plau, no escriguis menys de {0} caracters.\"),\n  rangelength: $.validator.format(\"Si us plau, escriu un valor entre {0} i {1} caracters.\"),\n  range: $.validator.format(\"Si us plau, escriu un valor entre {0} i {1}.\"),\n  max: $.validator.format(\"Si us plau, escriu un valor menor o igual a {0}.\"),\n  min: $.validator.format(\"Si us plau, escriu un valor major o igual a {0}.\")\n});}(jQuery));var $mcj = jQuery.noConflict(true);<\/script>\n<!--End mc_embed_signup--><\/p>\n<hr \/>\n<p><!-- Begin MailChimp Signup Form --><\/p>\n<style type=\"text\/css\">\n\t#mc_embed_signup{background:#fff; clear:left; font:14px Helvetica,Arial,sans-serif; }\t\/* Add your own MailChimp form style overrides in your site stylesheet or in this style block.\t   We recommend moving this block and the preceding CSS link to the HEAD of your HTML file. *\/<\/style>\n<div id=\"mc_embed_signup\">\n<form id=\"mc-embedded-subscribe-form\" class=\"validate\" action=\"\/\/urv.us8.list-manage.com\/subscribe\/post?u=b3e3059147e0b0d601e90145a&amp;id=f35c16cc3d\" method=\"post\" name=\"mc-embedded-subscribe-form\" novalidate=\"\" target=\"_blank\">\n<div id=\"mc_embed_signup_scroll\">\n<h2>URV International Newsletter<\/h2>\n<p>International news from URV (<a title=\"Arxiu de butlletins\" href=\"http:\/\/us8.campaign-archive1.com\/home\/?u=b3e3059147e0b0d601e90145a&amp;id=f35c16cc3d\" target=\"_blank\" rel=\"noopener noreferrer\">view previous campaigns<\/a>)<\/p>\n<div class=\"indicates-required\"><span class=\"asterisk\">*<\/span> indicates required<\/div>\n<div class=\"mc-field-group\"><label for=\"mce-EMAIL\">Email Address <span class=\"asterisk\">*<\/span>\n<\/label><\/p>\n<div class=\"fx-relay-email-input-wrapper\">\n<div class=\"fx-relay-email-input-wrapper\"><input id=\"mce-EMAIL\" class=\"required email\" style=\"padding-right: 30px; width: 173px;\" name=\"EMAIL\" type=\"email\" value=\"\" \/><\/p>\n<div class=\"fx-relay-icon\" style=\"top: 0px; bottom: 0px; right: 2px;\"><\/div>\n<\/div>\n<div class=\"fx-relay-icon\" style=\"top: 0px; bottom: 0px; right: 2px;\"><\/div>\n<\/div>\n<\/div>\n<div class=\"mc-field-group\"><label for=\"mce-FNAME\">First Name <\/label>\n<input id=\"mce-FNAME\" class=\"\" name=\"FNAME\" type=\"text\" value=\"\" \/><\/div>\n<div class=\"mc-field-group\"><label for=\"mce-LNAME\">Last Name <\/label>\n<input id=\"mce-LNAME\" class=\"\" name=\"LNAME\" type=\"text\" value=\"\" \/><\/div>\n<div id=\"mce-responses\" class=\"clear\"><\/div>\n<p><!-- real people should not fill this in and expect good things - do not remove this or risk form bot signups--><\/p>\n<div style=\"position: absolute; left: -5000px;\"><input tabindex=\"-1\" name=\"b_b3e3059147e0b0d601e90145a_f35c16cc3d\" type=\"text\" value=\"\" \/><\/div>\n<div class=\"clear\"><input id=\"mc-embedded-subscribe\" class=\"button\" name=\"subscribe\" type=\"submit\" value=\"Subscribe\" \/><\/div>\n<\/div>\n<\/form>\n<\/div>\n<p><!--End mc_embed_signup--><\/p>\n","protected":false},"excerpt":{"rendered":"<p>Selecciona els butlletins que m\u00e9s t\u2019interessin.<\/p>\n","protected":false},"author":15,"featured_media":0,"parent":0,"menu_order":0,"comment_status":"closed","ping_status":"closed","template":"templates\/subscripcio_mailchimp.php","meta":{"_acf_changed":false,"footnotes":""},"categories":[],"class_list":["post-29630","page","type-page","status-publish","hentry"],"acf":[],"_links":{"self":[{"href":"https:\/\/ddurv.taller.fesomia.net\/en\/wp-json\/wp\/v2\/pages\/29630","targetHints":{"allow":["GET"]}}],"collection":[{"href":"https:\/\/ddurv.taller.fesomia.net\/en\/wp-json\/wp\/v2\/pages"}],"about":[{"href":"https:\/\/ddurv.taller.fesomia.net\/en\/wp-json\/wp\/v2\/types\/page"}],"author":[{"embeddable":true,"href":"https:\/\/ddurv.taller.fesomia.net\/en\/wp-json\/wp\/v2\/users\/15"}],"replies":[{"embeddable":true,"href":"https:\/\/ddurv.taller.fesomia.net\/en\/wp-json\/wp\/v2\/comments?post=29630"}],"version-history":[{"count":0,"href":"https:\/\/ddurv.taller.fesomia.net\/en\/wp-json\/wp\/v2\/pages\/29630\/revisions"}],"wp:attachment":[{"href":"https:\/\/ddurv.taller.fesomia.net\/en\/wp-json\/wp\/v2\/media?parent=29630"}],"wp:term":[{"taxonomy":"category","embeddable":true,"href":"https:\/\/ddurv.taller.fesomia.net\/en\/wp-json\/wp\/v2\/categories?post=29630"}],"curies":[{"name":"wp","href":"https:\/\/api.w.org\/{rel}","templated":true}]}}